{"id":1630,"date":"2023-06-26T14:58:29","date_gmt":"2023-06-26T14:58:29","guid":{"rendered":"https:\/\/labrie.plogg.dev\/?page_id=1630"},"modified":"2025-05-16T17:47:08","modified_gmt":"2025-05-16T17:47:08","slug":"dr-annie-roy","status":"publish","type":"page","link":"https:\/\/orthodontistest-hyacinthe.ca\/en\/dr-annie-roy\/","title":{"rendered":"Dr. Annie Roy"},"content":{"rendered":"","protected":false},"excerpt":{"rendered":"","protected":false},"author":1,"featured_media":0,"parent":0,"menu_order":0,"comment_status":"closed","ping_status":"closed","template":"\/templates\/our-team.php","meta":{"inline_featured_image":false},"page-category":[],"yoast_head":"<!-- This site is optimized with the Yoast SEO plugin v20.13 - https:\/\/yoast.com\/wordpress\/plugins\/seo\/ -->\n<title>Dr. Annie Roy - Orthodontiste St-Hyacinthe<\/title>\n<meta name=\"description\" content=\"Dr. Annie Roy graduated in dentistry from Universit\u00e9 Laval in 2015. The excellence of her academic results earned her the Gustave Ratt\u00e9 prize awarded by the Ordre des dentistes du Qu\u00e9bec.\" \/>\n<meta name=\"robots\" content=\"index, follow, max-snippet:-1, max-image-preview:large, max-video-preview:-1\" \/>\n<link rel=\"canonical\" href=\"https:\/\/orthodontistest-hyacinthe.ca\/en\/dr-annie-roy\/\" \/>\n<meta property=\"og:locale\" content=\"en_US\" \/>\n<meta property=\"og:type\" content=\"article\" \/>\n<meta property=\"og:title\" content=\"Dr. Annie Roy - Orthodontiste St-Hyacinthe\" \/>\n<meta property=\"og:description\" content=\"Dr. Annie Roy graduated in dentistry from Universit\u00e9 Laval in 2015. The excellence of her academic results earned her the Gustave Ratt\u00e9 prize awarded by the Ordre des dentistes du Qu\u00e9bec.\" \/>\n<meta property=\"og:url\" content=\"https:\/\/orthodontistest-hyacinthe.ca\/en\/dr-annie-roy\/\" \/>\n<meta property=\"og:site_name\" content=\"Orthodontiste St-Hyacinthe\" \/>\n<meta property=\"article:modified_time\" content=\"2025-05-16T17:47:08+00:00\" \/>\n<meta property=\"og:image\" content=\"https:\/\/orthodontistest-hyacinthe.ca\/wp-content\/uploads\/2023\/07\/equipe-orthodontiste-Labrie.jpg\" \/>\n\t<meta property=\"og:image:width\" content=\"1200\" \/>\n\t<meta property=\"og:image:height\" content=\"800\" \/>\n\t<meta property=\"og:image:type\" content=\"image\/jpeg\" \/>\n<meta name=\"twitter:card\" content=\"summary_large_image\" \/>\n<script type=\"application\/ld+json\" class=\"yoast-schema-graph\">{\"@context\":\"https:\/\/schema.org\",\"@graph\":[{\"@type\":\"WebPage\",\"@id\":\"https:\/\/orthodontistest-hyacinthe.ca\/en\/dr-annie-roy\/\",\"url\":\"https:\/\/orthodontistest-hyacinthe.ca\/en\/dr-annie-roy\/\",\"name\":\"Dr. Annie Roy - Orthodontiste St-Hyacinthe\",\"isPartOf\":{\"@id\":\"https:\/\/orthodontistest-hyacinthe.ca\/en\/#website\"},\"datePublished\":\"2023-06-26T14:58:29+00:00\",\"dateModified\":\"2025-05-16T17:47:08+00:00\",\"description\":\"Dr. Annie Roy graduated in dentistry from Universit\u00e9 Laval in 2015. The excellence of her academic results earned her the Gustave Ratt\u00e9 prize awarded by the Ordre des dentistes du Qu\u00e9bec.\",\"breadcrumb\":{\"@id\":\"https:\/\/orthodontistest-hyacinthe.ca\/en\/dr-annie-roy\/#breadcrumb\"},\"inLanguage\":\"en-US\",\"potentialAction\":[{\"@type\":\"ReadAction\",\"target\":[\"https:\/\/orthodontistest-hyacinthe.ca\/en\/dr-annie-roy\/\"]}]},{\"@type\":\"BreadcrumbList\",\"@id\":\"https:\/\/orthodontistest-hyacinthe.ca\/en\/dr-annie-roy\/#breadcrumb\",\"itemListElement\":[{\"@type\":\"ListItem\",\"position\":1,\"name\":\"Home\",\"item\":\"https:\/\/orthodontistest-hyacinthe.ca\/en\/\"},{\"@type\":\"ListItem\",\"position\":2,\"name\":\"Dr. Annie Roy\"}]},{\"@type\":\"WebSite\",\"@id\":\"https:\/\/orthodontistest-hyacinthe.ca\/en\/#website\",\"url\":\"https:\/\/orthodontistest-hyacinthe.ca\/en\/\",\"name\":\"Orthodontiste St-Hyacinthe\",\"description\":\"\",\"potentialAction\":[{\"@type\":\"SearchAction\",\"target\":{\"@type\":\"EntryPoint\",\"urlTemplate\":\"https:\/\/orthodontistest-hyacinthe.ca\/en\/?s={search_term_string}\"},\"query-input\":\"required name=search_term_string\"}],\"inLanguage\":\"en-US\"}]}<\/script>\n<!-- \/ Yoast SEO plugin. -->","yoast_head_json":{"title":"Dr. Annie Roy - Orthodontiste St-Hyacinthe","description":"Dr. Annie Roy graduated in dentistry from Universit\u00e9 Laval in 2015. The excellence of her academic results earned her the Gustave Ratt\u00e9 prize awarded by the Ordre des dentistes du Qu\u00e9bec.","robots":{"index":"index","follow":"follow","max-snippet":"max-snippet:-1","max-image-preview":"max-image-preview:large","max-video-preview":"max-video-preview:-1"},"canonical":"https:\/\/orthodontistest-hyacinthe.ca\/en\/dr-annie-roy\/","og_locale":"en_US","og_type":"article","og_title":"Dr. Annie Roy - Orthodontiste St-Hyacinthe","og_description":"Dr. Annie Roy graduated in dentistry from Universit\u00e9 Laval in 2015. The excellence of her academic results earned her the Gustave Ratt\u00e9 prize awarded by the Ordre des dentistes du Qu\u00e9bec.","og_url":"https:\/\/orthodontistest-hyacinthe.ca\/en\/dr-annie-roy\/","og_site_name":"Orthodontiste St-Hyacinthe","article_modified_time":"2025-05-16T17:47:08+00:00","og_image":[{"width":1200,"height":800,"url":"https:\/\/orthodontistest-hyacinthe.ca\/wp-content\/uploads\/2023\/07\/equipe-orthodontiste-Labrie.jpg","type":"image\/jpeg"}],"twitter_card":"summary_large_image","schema":{"@context":"https:\/\/schema.org","@graph":[{"@type":"WebPage","@id":"https:\/\/orthodontistest-hyacinthe.ca\/en\/dr-annie-roy\/","url":"https:\/\/orthodontistest-hyacinthe.ca\/en\/dr-annie-roy\/","name":"Dr. Annie Roy - Orthodontiste St-Hyacinthe","isPartOf":{"@id":"https:\/\/orthodontistest-hyacinthe.ca\/en\/#website"},"datePublished":"2023-06-26T14:58:29+00:00","dateModified":"2025-05-16T17:47:08+00:00","description":"Dr. Annie Roy graduated in dentistry from Universit\u00e9 Laval in 2015. The excellence of her academic results earned her the Gustave Ratt\u00e9 prize awarded by the Ordre des dentistes du Qu\u00e9bec.","breadcrumb":{"@id":"https:\/\/orthodontistest-hyacinthe.ca\/en\/dr-annie-roy\/#breadcrumb"},"inLanguage":"en-US","potentialAction":[{"@type":"ReadAction","target":["https:\/\/orthodontistest-hyacinthe.ca\/en\/dr-annie-roy\/"]}]},{"@type":"BreadcrumbList","@id":"https:\/\/orthodontistest-hyacinthe.ca\/en\/dr-annie-roy\/#breadcrumb","itemListElement":[{"@type":"ListItem","position":1,"name":"Home","item":"https:\/\/orthodontistest-hyacinthe.ca\/en\/"},{"@type":"ListItem","position":2,"name":"Dr. Annie Roy"}]},{"@type":"WebSite","@id":"https:\/\/orthodontistest-hyacinthe.ca\/en\/#website","url":"https:\/\/orthodontistest-hyacinthe.ca\/en\/","name":"Orthodontiste St-Hyacinthe","description":"","potentialAction":[{"@type":"SearchAction","target":{"@type":"EntryPoint","urlTemplate":"https:\/\/orthodontistest-hyacinthe.ca\/en\/?s={search_term_string}"},"query-input":"required name=search_term_string"}],"inLanguage":"en-US"}]}},"acf":[],"_links":{"self":[{"href":"https:\/\/orthodontistest-hyacinthe.ca\/en\/wp-json\/wp\/v2\/pages\/1630"}],"collection":[{"href":"https:\/\/orthodontistest-hyacinthe.ca\/en\/wp-json\/wp\/v2\/pages"}],"about":[{"href":"https:\/\/orthodontistest-hyacinthe.ca\/en\/wp-json\/wp\/v2\/types\/page"}],"author":[{"embeddable":true,"href":"https:\/\/orthodontistest-hyacinthe.ca\/en\/wp-json\/wp\/v2\/users\/1"}],"replies":[{"embeddable":true,"href":"https:\/\/orthodontistest-hyacinthe.ca\/en\/wp-json\/wp\/v2\/comments?post=1630"}],"version-history":[{"count":3,"href":"https:\/\/orthodontistest-hyacinthe.ca\/en\/wp-json\/wp\/v2\/pages\/1630\/revisions"}],"predecessor-version":[{"id":1834,"href":"https:\/\/orthodontistest-hyacinthe.ca\/en\/wp-json\/wp\/v2\/pages\/1630\/revisions\/1834"}],"wp:attachment":[{"href":"https:\/\/orthodontistest-hyacinthe.ca\/en\/wp-json\/wp\/v2\/media?parent=1630"}],"wp:term":[{"taxonomy":"page-category","embeddable":true,"href":"https:\/\/orthodontistest-hyacinthe.ca\/en\/wp-json\/wp\/v2\/page-category?post=1630"}],"curies":[{"name":"wp","href":"https:\/\/api.w.org\/{rel}","templated":true}]}}